{"id":724,"date":"2020-06-02T20:42:01","date_gmt":"2020-06-03T06:42:01","guid":{"rendered":"http:\/\/apps.ksbe.edu\/kskauwela\/?page_id=724"},"modified":"2021-05-03T10:44:15","modified_gmt":"2021-05-03T20:44:15","slug":"mala-pa-hale-kuaana","status":"publish","type":"page","link":"https:\/\/apps.ksbe.edu\/kskauwela\/projects\/mala-pa-hale-kuaana\/","title":{"rendered":"M\u0101la\/P\u0101 hale (Kua\u02bbana)"},"content":{"rendered":"<p><!-- Google Tag Manager --><!-- End Google Tag Manager --><!-- Google Tag Manager (noscript) --><noscript><iframe loading=\"lazy\" src=\"https:\/\/www.googletagmanager.com\/ns.html?id=GTM-WWH5ZTS\" height=\"0\" width=\"0\" style=\"display:none;visibility:hidden\"<\/iframe><\/noscript><!-- End Google Tag Manager (noscript) --><\/p>\n<p align=\"center\"><img decoding=\"async\" src=\"https:\/\/apps.ksbe.edu\/kskauwela\/wp-content\/uploads\/sites\/34\/2020\/06\/kuaana.png\" \/><br \/>\nClick on the images below for more info.<\/p>\n<div class=\"container\">\n<div class=\"row\" align=\"center\">\n<div class=\"column\" style=\"background-color: #fecf7d;\">\n<p align=\"center\"><a href=\"https:\/\/apps.ksbe.edu\/kskauwela\/wp-content\/uploads\/sites\/34\/2020\/06\/NatureScavengerHunt-20131.jpg\" target=\"_blank\" rel=\"noopener noreferrer\"><img decoding=\"async\" src=\"https:\/\/apps.ksbe.edu\/kskauwela\/wp-content\/uploads\/sites\/34\/2020\/06\/icon-scavenger-hunt-kuaana.png\" \/><\/a><br \/>\nGo on a <a href=\"https:\/\/apps.ksbe.edu\/kskauwela\/wp-content\/uploads\/sites\/34\/2020\/06\/NatureScavengerHunt-20131.jpg\" target=\"_blank\" rel=\"noopener noreferrer\">Backyard Scavenger Hunt<\/a> and take a photo of everything you find. Or, instead of using this list, come up with your own and exchange the list with a friend!<\/p>\n<\/div>\n<div class=\"column\" style=\"background-color: #b3d1ff;\">\n<p align=\"center\"><a href=\"\/\/apps.ksbe.edu\/kskauwela\/wp-content\/uploads\/sites\/34\/2020\/06\/Bug-hotel-2.pdf\" target=\"_blank\" rel=\"noopener noreferrer\"><img decoding=\"async\" src=\"https:\/\/apps.ksbe.edu\/kskauwela\/wp-content\/uploads\/sites\/34\/2020\/06\/icon-bug-hotel-kuaana.png\" \/><\/a><br \/>\nObserve what kind of insects live in your p\u0101 hale\/m\u0101la. Build a bug hotel for those insects in your p\u0101 hale or m\u0101la.<\/p>\n<\/div>\n<div class=\"column\" style=\"background-color: #fecf7d;\">\n<p align=\"center\"><a href=\"https:\/\/apps.ksbe.edu\/kskauwela\/wp-content\/uploads\/sites\/34\/2020\/06\/Plants-and-the-Mahina.Kua\u2018ana.pdf\" target=\"_blank\" rel=\"noopener noreferrer\"><img decoding=\"async\" src=\"https:\/\/apps.ksbe.edu\/kskauwela\/wp-content\/uploads\/sites\/34\/2020\/06\/icon-mahina-kuaana.png\" \/><\/a><br \/>\nIt is believed that the cycles of the mahina (moon) affect plant growth.<\/p>\n<\/div>\n<\/div>\n<div class=\"row\">\n<div class=\"column\" style=\"background-color: #b3d1ff;\">\n<p align=\"center\"><img decoding=\"async\" src=\"https:\/\/apps.ksbe.edu\/kskauwela\/wp-content\/uploads\/sites\/34\/2020\/06\/icon-how-to-guide-kuaana.png\" \/><br \/>\nCreate a step-by-step \u2018How-to\u2019 guide of how you built your m\u0101la or p\u0101 hale. Use an online tool (Book Creator, Google Slides, Microsoft Word) or create one with paper\/pens. Draw or print out pictures and write captions for them.<\/p>\n<\/div>\n<div class=\"column\" style=\"background-color: #fecf7d;\">\n<p align=\"center\"><img decoding=\"async\" src=\"https:\/\/apps.ksbe.edu\/kskauwela\/wp-content\/uploads\/sites\/34\/2020\/06\/icon-students-choice-kuaana.png\" \/><br \/>\nCreate your own activity related to m\u0101la or p\u0101 hale. What do you want to know more about? What do you want to create?<\/p>\n<\/div>\n<div class=\"column\" style=\"background-color: #b3d1ff;\">\n<p align=\"center\"><a href=\"https:\/\/apps.ksbe.edu\/kskauwela\/wp-content\/uploads\/sites\/34\/2021\/05\/La\u2018au-Lapa\u2018au.Kua\u2018ana21.pdf\" target=\"_blank\" rel=\"noopener noreferrer\"><img decoding=\"async\" src=\"https:\/\/apps.ksbe.edu\/kskauwela\/wp-content\/uploads\/sites\/34\/2020\/06\/icon-laau-lapaau-kuaana.png\" \/><\/a><br \/>\nSome Hawaiian plants, including \u2018olena and mamaki are used for medicinal purposes.<\/p>\n<\/div>\n<\/div>\n<div class=\"row\">\n<div class=\"column\" style=\"background-color: #fecf7d;\">\n<p align=\"center\"><a href=\"https:\/\/apps.ksbe.edu\/kskauwela\/wp-content\/uploads\/sites\/34\/2020\/06\/Hawaiian-Plants.pdf\" target=\"_blank\" rel=\"noopener noreferrer\"><img decoding=\"async\" src=\"https:\/\/apps.ksbe.edu\/kskauwela\/wp-content\/uploads\/sites\/34\/2020\/06\/icon-hawaiian-plants-kuaana.png\" \/><\/a><br \/>\nWhat plants are you growing, or would like to grow in your m\u0101la (garden) or p\u0101 hale (yard)?<\/p>\n<\/div>\n<div class=\"column\" style=\"background-color: #b3d1ff;\">\n<p align=\"center\"><a href=\"https:\/\/www.instructables.com\/id\/Self-Watering-Soda-Bottle-Planter-2\/\" target=\"_blank\" rel=\"noopener noreferrer\"><img decoding=\"async\" src=\"https:\/\/apps.ksbe.edu\/kskauwela\/wp-content\/uploads\/sites\/34\/2020\/06\/icon-soda-bottle-planter-kuaana.png\" \/><\/a><br \/>\nPlants are a wonderful way to liven up a space but can be challenging to care for. Self-watering soda bottle planters are perfect for a small window herb or flower.<\/p>\n<\/div>\n<div class=\"column\" style=\"background-color: #fecf7d;\">\n<p align=\"center\"><a href=\"https:\/\/foodrevolution.org\/blog\/reduce-food-waste-regrow-from-scraps\/\" target=\"_blank\" rel=\"noopener noreferrer\"><img decoding=\"async\" src=\"https:\/\/apps.ksbe.edu\/kskauwela\/wp-content\/uploads\/sites\/34\/2020\/06\/icon-green-thumb-kuaana.png\" \/><\/a><br \/>\nRegrow a plant from food scraps: Get ideas at: <a href=\"https:\/\/foodrevolution.org\/blog\/reduce-food-waste-regrow-from-scraps\/\" target=\"_blank\" rel=\"noopener noreferrer\">19 Foods You Can Grow From Food Scraps<\/a>. Select one (or more) foods to grow, and keep a photo or video journal of your \u2018Green Thumb\u2019 process.<\/p>\n<\/div>\n<\/div>\n<p>&nbsp;<\/p>\n<\/div>\n","protected":false},"excerpt":{"rendered":"","protected":false},"author":11,"featured_media":0,"parent":10,"menu_order":0,"comment_status":"closed","ping_status":"closed","template":"","meta":{"_links_to":"","_links_to_target":""},"_links":{"self":[{"href":"https:\/\/apps.ksbe.edu\/kskauwela\/wp-json\/wp\/v2\/pages\/724"}],"collection":[{"href":"https:\/\/apps.ksbe.edu\/kskauwela\/wp-json\/wp\/v2\/pages"}],"about":[{"href":"https:\/\/apps.ksbe.edu\/kskauwela\/wp-json\/wp\/v2\/types\/page"}],"author":[{"embeddable":true,"href":"https:\/\/apps.ksbe.edu\/kskauwela\/wp-json\/wp\/v2\/users\/11"}],"replies":[{"embeddable":true,"href":"https:\/\/apps.ksbe.edu\/kskauwela\/wp-json\/wp\/v2\/comments?post=724"}],"version-history":[{"count":22,"href":"https:\/\/apps.ksbe.edu\/kskauwela\/wp-json\/wp\/v2\/pages\/724\/revisions"}],"predecessor-version":[{"id":2946,"href":"https:\/\/apps.ksbe.edu\/kskauwela\/wp-json\/wp\/v2\/pages\/724\/revisions\/2946"}],"up":[{"embeddable":true,"href":"https:\/\/apps.ksbe.edu\/kskauwela\/wp-json\/wp\/v2\/pages\/10"}],"wp:attachment":[{"href":"https:\/\/apps.ksbe.edu\/kskauwela\/wp-json\/wp\/v2\/media?parent=724"}],"curies":[{"name":"wp","href":"https:\/\/api.w.org\/{rel}","templated":true}]}}